{"id":29,"date":"2015-02-04T17:25:19","date_gmt":"2015-02-04T17:25:19","guid":{"rendered":"http:\/\/michael-bollesen.de\/?page_id=29"},"modified":"2015-03-05T09:53:36","modified_gmt":"2015-03-05T09:53:36","slug":"jumkr","status":"publish","type":"page","link":"https:\/\/michael-bollesen.de\/?page_id=29","title":{"rendered":"JuMKr (+)"},"content":{"rendered":"<p><span style=\"font-family: Arial;\">Dieses Archiv ist eine Sammlung alter Jugendmesskreis-Vorlagen aus den Jahren 1990 bis 2007. Der Jugendmesskreis entstand 1990 unter der Leitung unserer damaligen Gemeindereferentin Sr. Reinhildis Gehring. 2002 gab es einen Generationswechsel. Leider sind nicht alle Vorlagen von damals vollst\u00e4ndig. Wir bitten, dies zu ber\u00fccksichtigen. In den Liedvorlagen der ersten Jahre fehlen die Liednummern. Einen Liedordner (zu beziehen \u00fcber das Pfarrb\u00fcro der Pfarre\u00a0<a title=\"St. Remigius, Viersen\/Ndrh.\" href=\"http:\/\/www.st-remigius-viersen.de\/\" target=\"_blank\">St. Remigius<\/a>, Viersen) gibt es seit Ostern 1996 und damit auch Liednummern. Wenn Sie sich f\u00fcr eine Messe interessieren, schreiben Sie mir bitte. Ich schicke Ihnen die Vorlage &#8211; falls vorhanden zu. .<br \/>\n<\/span><\/p>\n<table id=\"table19\" border=\"1\" width=\"100%\" cellspacing=\"0\" cellpadding=\"0\">\n<tbody>\n<tr>\n<td style=\"text-align: center;\" width=\"100%\">\n<h2><strong>2007<\/strong><\/h2>\n<\/td>\n<\/tr>\n<\/tbody>\n<\/table>\n<table id=\"table23\" border=\"1\" width=\"100%\">\n<tbody>\n<tr>\n<td width=\"44\"><b>09.04.<\/b><\/td>\n<td><span style=\"font-family: Arial;\"><span style=\"color: #ff0000;\">Osterjugendmesse &#8222;Freundschaft&#8220;<\/span><\/span><\/td>\n<\/tr>\n<\/tbody>\n<\/table>\n<table id=\"table19\" border=\"1\" width=\"100%\" cellspacing=\"0\" cellpadding=\"0\">\n<tbody>\n<tr>\n<td width=\"100%\">\n<h2 align=\"center\"><span style=\"font-family: Arial;\"><b>2005\/6<\/b><\/span><\/h2>\n<\/td>\n<\/tr>\n<\/tbody>\n<\/table>\n<table id=\"table23\" border=\"1\" width=\"100%\">\n<tbody>\n<tr>\n<td width=\"44\"><span style=\"font-family: Arial;\"><b>28.03.<\/b><\/span><\/td>\n<td><span style=\"font-family: Arial;\"><span style=\"color: #ff0000;\">Osterjugendmesse<\/span><\/span><\/td>\n<\/tr>\n<tr>\n<td width=\"44\"><b>26.12.<\/b><\/td>\n<td><span style=\"font-family: Arial;\"><span style=\"color: #ff0000;\">Weihnachtsjugendmesse &#8222;Ein Licht in Dir geborgen&#8220;.<\/span><\/span><\/td>\n<\/tr>\n<\/tbody>\n<\/table>\n<table id=\"table1\" border=\"1\" width=\"100%\" cellspacing=\"0\" cellpadding=\"0\">\n<tbody>\n<tr>\n<td width=\"100%\">\n<h2 align=\"center\"><span style=\"font-family: Arial;\"><b>2004<\/b><\/span><\/h2>\n<\/td>\n<\/tr>\n<\/tbody>\n<\/table>\n<table id=\"table21\" border=\"1\" width=\"100%\">\n<tbody>\n<tr>\n<td width=\"44\"><span style=\"font-family: Arial;\"><b>12.04.<\/b><\/span><\/td>\n<td><span style=\"font-family: Arial;\"><span style=\"color: #ff0000;\">Osterjugendmesse<\/span><\/span><\/td>\n<\/tr>\n<tr>\n<td width=\"44\"><span style=\"font-family: Arial;\"><b>23.06.\u00a0 <\/b><\/span><\/td>\n<td><span style=\"font-family: Arial;\"><span style=\"color: #ff0000;\">Pfarrfestjugendmesse<\/span><\/span><\/td>\n<\/tr>\n<tr>\n<td width=\"44\"><span style=\"font-family: Arial;\"><b>28.11.<\/b><\/span><\/td>\n<td><span style=\"font-family: Arial;\"><span style=\"color: #ff0000;\">&#8222;Alles wirkliche Leben ist Begegnung&#8220;.<\/span><\/span><\/td>\n<\/tr>\n<tr>\n<td width=\"44\"><span style=\"font-family: Arial;\"><b>26.12.<\/b><\/span><\/td>\n<td><span style=\"font-family: Arial;\"><span style=\"color: #ff0000;\">Weihnachtsjugendgottesdienst\u00a0zum Thema &#8222;Weniger ist mehr&#8220;.<\/span><\/span><\/td>\n<\/tr>\n<\/tbody>\n<\/table>\n<table id=\"table2\" border=\"1\" width=\"100%\" cellspacing=\"0\" cellpadding=\"0\">\n<tbody>\n<tr>\n<td width=\"100%\">\n<h2 align=\"center\"><span style=\"font-family: Arial;\"><b>2003<\/b><\/span><\/h2>\n<\/td>\n<\/tr>\n<\/tbody>\n<\/table>\n<table id=\"table22\" border=\"1\" width=\"100%\">\n<tbody>\n<tr>\n<td width=\"44\"><span style=\"font-family: Arial;\"><b>22.04.<\/b><\/span><\/td>\n<td><span style=\"font-family: Arial;\"><span style=\"color: #ff0000;\">Osterjugendmesse<\/span><\/span><\/td>\n<\/tr>\n<tr>\n<td width=\"44\"><span style=\"font-family: Arial;\"><b>26.12.<\/b><\/span><\/td>\n<td><span style=\"color: #ff0000; font-family: Arial;\"><span style=\"color: #ff0000;\">Weihnachtsjugendgottesdienst<\/span><\/span><\/td>\n<\/tr>\n<\/tbody>\n<\/table>\n<table id=\"table3\" border=\"1\" width=\"100%\" cellspacing=\"0\" cellpadding=\"0\">\n<tbody>\n<tr>\n<td width=\"100%\">\n<h2 align=\"center\"><span style=\"font-family: Arial;\"><b>2002<\/b><\/span><\/h2>\n<\/td>\n<\/tr>\n<\/tbody>\n<\/table>\n<table id=\"table24\" border=\"1\" width=\"100%\">\n<tbody>\n<tr>\n<td width=\"44\"><span style=\"font-family: Arial;\"><b>01.04.<\/b><\/span><\/td>\n<td><span style=\"font-family: Arial;\"><span style=\"color: #ff0000;\">Osterjugendmesse: &#8222;Erkennen&#8220;<\/span><\/span><\/td>\n<\/tr>\n<tr>\n<td width=\"44\"><b><span style=\"font-family: Arial;\">23.06.<\/span><\/b><\/td>\n<td><span style=\"color: #ff0000; font-family: Arial;\"><span style=\"color: #ff0000;\">Pfarrfestjugendmesse<\/span><\/span><\/td>\n<\/tr>\n<tr>\n<td width=\"44\"><span style=\"font-family: Arial;\"><b>26.12.<\/b><\/span><\/td>\n<td><span style=\"color: #ff0000; font-family: Arial;\"><span style=\"color: #ff0000;\">Weihnachtsjugendgottesdienst<\/span><\/span><\/td>\n<\/tr>\n<\/tbody>\n<\/table>\n<table id=\"table4\" border=\"1\" width=\"100%\">\n<tbody>\n<tr>\n<td width=\"100%\">\n<h2 align=\"center\"><span style=\"font-family: Arial;\"><b>2001<\/b><\/span><\/h2>\n<\/td>\n<\/tr>\n<\/tbody>\n<\/table>\n<table id=\"table36\" border=\"1\" width=\"100%\">\n<tbody>\n<tr>\n<td width=\"44\"><span style=\"font-family: Arial;\"><b>16.04.<\/b><\/span><\/td>\n<td><span style=\"font-family: Arial; font-size: medium;\">Osterjugendmesse\u00a0&#8222;Hocus Pocus Fidibus (Hoc est enim corpus meum)&#8220;.<\/span><\/td>\n<\/tr>\n<tr>\n<td width=\"44\"><span style=\"font-family: Arial;\"><b>10.06.<\/b><\/span><\/td>\n<td><span style=\"font-family: Arial;\">Jugendmesse\u00a0<span style=\"font-size: medium;\">&#8222;Wer nicht wagt, der nicht gewinnt &#8230;&#8220;.<\/span> <\/span><\/td>\n<\/tr>\n<tr>\n<td width=\"44\"><span style=\"font-size: medium;\"><b><span style=\"font-family: Arial;\">23.06.<\/span><\/b><\/span><\/td>\n<td><span style=\"font-family: Arial;\"><span style=\"font-size: medium;\">Abiturgottesdienst Erasmus-von-Rotterdam-Gymnasium, Viersen.<\/span><\/span><\/td>\n<\/tr>\n<tr>\n<td width=\"44\"><span style=\"font-family: Arial;\"><b>09.09.<\/b><\/span><\/td>\n<td><span style=\"font-family: Arial;\">Er\u00f6ffnungsgottesdienst des Pfarrfestes: <\/span><span style=\"color: #ff0000; font-family: Arial; font-size: large;\">H\u00f6lle<\/span><span style=\"color: #ff0000; font-family: Arial;\">.<\/span><\/td>\n<\/tr>\n<tr>\n<td width=\"44\"><span style=\"font-family: Arial;\"><b>26.12.<\/b><\/span><\/td>\n<td><span style=\"font-family: Arial;\">Weihnachtsjugendgottesdienst<\/span><\/td>\n<\/tr>\n<\/tbody>\n<\/table>\n<table id=\"table5\" border=\"1\" width=\"100%\">\n<tbody>\n<tr>\n<td width=\"100%\">\n<h2 align=\"center\"><span style=\"font-family: Arial;\"><b>2000<\/b><\/span><\/h2>\n<\/td>\n<\/tr>\n<\/tbody>\n<\/table>\n<table id=\"table35\" border=\"1\" width=\"100%\">\n<tbody>\n<tr>\n<td width=\"44\"><b>24.04.<\/b><\/td>\n<td>Osterjugendmesse\u00a0<span style=\"font-family: Arial;\">&#8222;St. Judas w\u00fcnscht frohe Ostern.&#8220;<\/span><\/td>\n<\/tr>\n<tr>\n<td width=\"44\"><span style=\"font-family: Arial;\"><b>25.08.<\/b><\/span><\/td>\n<td><span style=\"font-family: Arial;\">Pfarrfester\u00f6ffnungsmesse<\/span><\/td>\n<\/tr>\n<tr>\n<td width=\"44\"><span style=\"font-family: Arial;\"><b>26.12.<\/b><\/span><\/td>\n<td><span style=\"font-family: Arial;\">Weihnachtsjugendmesse: &#8222;Anti-anti-Konsummesse&#8220;.<\/span><\/td>\n<\/tr>\n<\/tbody>\n<\/table>\n<table id=\"table6\" border=\"1\" width=\"100%\">\n<tbody>\n<tr>\n<td width=\"100%\">\n<h2 align=\"center\"><span style=\"font-family: Arial;\"><b>1999<\/b><\/span><\/h2>\n<\/td>\n<\/tr>\n<\/tbody>\n<\/table>\n<table id=\"table34\" border=\"1\" width=\"100%\">\n<tbody>\n<tr>\n<td width=\"45\"><span style=\"font-family: Arial;\"><b>05.04.<\/b><\/span><\/td>\n<td><span style=\"font-family: Arial;\">Osterjugendmesse in St. Remigius: &#8222;Religion &#8211; Opium des Volkes!?<br \/>\nDen Himmel erden&#8220;. <\/span><\/td>\n<\/tr>\n<tr>\n<td width=\"45\"><b><span style=\"font-family: Arial;\">12.06.<\/span><\/b><\/td>\n<td><span style=\"font-family: Arial;\">Abiturgottesdienst des Erasmus-von-Rotterdam-Gymnasiums in St. Remigius.<\/span><\/td>\n<\/tr>\n<tr>\n<td width=\"45\"><span style=\"font-family: Arial;\"><b>13.06.<\/b><\/span><\/td>\n<td>Jugendmesse in St. Remigius: &#8222;Reiselust in Gottes Namen&#8220;.<\/td>\n<\/tr>\n<tr>\n<td width=\"45\"><span style=\"font-family: Arial;\"><b>11.09.<\/b><\/span><\/td>\n<td><span style=\"font-family: Arial;\">Open-Air Gottesdienst vor unserer Heimatpfarre St. Remigius. <\/span><\/td>\n<\/tr>\n<tr>\n<td width=\"45\"><b><span style=\"font-family: Arial;\">26.12.<\/span><\/b><\/td>\n<td><span style=\"font-family: Arial;\">Weihnachtsjugendmesse in St. Remigius: ?M\u00e4rtyrer ? die besseren Heiligen?&#8220;.<\/span><\/td>\n<\/tr>\n<\/tbody>\n<\/table>\n<table id=\"table8\" border=\"1\" width=\"100%\">\n<tbody>\n<tr>\n<td width=\"100%\">\n<h2 align=\"center\"><span style=\"font-family: Arial;\"><b>1998<\/b><\/span><\/h2>\n<\/td>\n<\/tr>\n<\/tbody>\n<\/table>\n<table id=\"table33\" border=\"1\" width=\"100%\">\n<tbody>\n<tr>\n<td width=\"46\"><span style=\"font-family: Arial;\"><b>13.04.<\/b><\/span><\/td>\n<td><span style=\"font-family: Arial;\">Osterjugendmesse in St. Remigius: &#8222;Ist ja alles nur geklaut&#8220;.<\/span><\/td>\n<\/tr>\n<tr>\n<td width=\"46\"><span style=\"font-family: Arial;\"><b>14.06.<\/b><\/span><\/td>\n<td><span style=\"font-family: Arial;\">Jugendmesse in St. Remigius \u00bbWunder\u00ab.<\/span><\/td>\n<\/tr>\n<tr>\n<td width=\"46\"><span style=\"font-family: Arial;\"><b>26.12.<\/b><\/span><\/td>\n<td><span style=\"font-family: Arial;\">Weihnachtsjugendmesse in St. Remigius \u00bbWeihnachten\u00ab.<\/span><\/td>\n<\/tr>\n<\/tbody>\n<\/table>\n<table id=\"table9\" border=\"1\" width=\"100%\">\n<tbody>\n<tr>\n<td width=\"100%\">\n<h2 align=\"center\"><span style=\"font-family: Arial;\"><b>1997<\/b><\/span><\/h2>\n<\/td>\n<\/tr>\n<\/tbody>\n<\/table>\n<table id=\"table32\" border=\"1\" width=\"100%\">\n<tbody>\n<tr>\n<td width=\"47\"><span style=\"font-family: Arial;\"><b>31.03.<\/b><\/span><\/td>\n<td><span style=\"font-family: Arial;\">Osterjugendmesse in St. Remigius: &#8222;Friede, Freude, Eierkuchen&#8220;. <\/span><\/td>\n<\/tr>\n<tr>\n<td width=\"47\"><span style=\"font-family: Arial;\"><b>21.06.<\/b><\/span><\/td>\n<td><span style=\"font-family: Arial;\">Jugendmesse in St. Remigius &#8222;Der lachende Jesus&#8220;. <\/span><\/td>\n<\/tr>\n<tr>\n<td width=\"47\"><b><span style=\"font-family: Arial;\">26.10.<\/span><\/b><\/td>\n<td><span style=\"font-family: Arial;\">Jugendmesse in St. Remigius: \u00bbPfarrgemeinderatswahl\u00ab. <\/span><\/td>\n<\/tr>\n<tr>\n<td width=\"47\"><b><span style=\"font-family: Arial;\">26.12.<\/span><\/b><\/td>\n<td><span style=\"font-family: Arial;\">Weihnachtsjugendmesse in St. Remigius \u00bbGottesbilder\u00ab. <\/span><\/td>\n<\/tr>\n<\/tbody>\n<\/table>\n<table id=\"table11\" border=\"1\" width=\"100%\">\n<tbody>\n<tr>\n<td width=\"100%\">\n<h2 align=\"center\"><span style=\"font-family: Arial;\"><b>1996<\/b><\/span><\/h2>\n<\/td>\n<\/tr>\n<\/tbody>\n<\/table>\n<table id=\"table31\" border=\"1\" width=\"100%\">\n<tbody>\n<tr>\n<td width=\"48\"><span style=\"font-family: Arial;\"><b>25.02.<\/b><\/span><\/td>\n<td><span style=\"font-family: Arial;\">Jugendmesse in St. Remigius in Viersen: \u00bbSchon tot oder noch angefochten\u00ab.<\/span><\/td>\n<\/tr>\n<tr>\n<td width=\"48\"><span style=\"font-family: Arial;\"><b>08.04.<\/b><\/span><\/td>\n<td><span style=\"font-family: Arial;\">Osterjugendmesse in St. Remigius in Viersen: \u00bbKreuz &#8211; Zeichen des Lebens\u00ab.<\/span><\/td>\n<\/tr>\n<tr>\n<td width=\"48\"><span style=\"font-family: Arial;\"><b>23.06.<\/b><\/span><\/td>\n<td><span style=\"font-family: Arial;\">Jugendmesse in St. Remigius \u00bbPriesteramt &#8211; allgemeines Priestertum\u00ab (nur fragmentarisch erhalten)<\/span><\/td>\n<\/tr>\n<tr>\n<td width=\"48\"><b><span style=\"font-family: Arial;\">31.09.<\/span><\/b><\/td>\n<td><span style=\"font-family: Arial;\">Pfarrfester\u00f6ffnung in St. Remigius in Viersen.<\/span><\/td>\n<\/tr>\n<tr>\n<td width=\"48\"><span style=\"font-family: Arial;\"><b>26.12.<\/b><\/span><\/td>\n<td><span style=\"font-family: Arial;\">Jugendmesse in St. Remigius in Viersen \u00bbJoseph. Pr\u00e4dikat: unwichtig!?\u00ab.<\/span><\/td>\n<\/tr>\n<\/tbody>\n<\/table>\n<table id=\"table12\" border=\"1\" width=\"100%\">\n<tbody>\n<tr>\n<td width=\"100%\">\n<h2 align=\"center\"><span style=\"font-family: Arial;\"><b>1995<\/b><\/span><\/h2>\n<\/td>\n<\/tr>\n<\/tbody>\n<\/table>\n<table id=\"table30\" border=\"1\" width=\"100%\">\n<tbody>\n<tr>\n<td width=\"49\"><span style=\"font-family: Arial;\"><b>19.02.<\/b><\/span><\/td>\n<td><span style=\"font-family: Arial;\">Jugendmesse in St. Remigius in Viersen. Thema: \u00bbMasken\u00ab.<\/span><\/td>\n<\/tr>\n<tr>\n<td width=\"49\"><span style=\"font-family: Arial;\"><b>17.04.<\/b><\/span><\/td>\n<td><span style=\"font-family: Arial;\">Osterjugendmesse in St. Remigius in Viersen.<\/span><\/td>\n<\/tr>\n<tr>\n<td width=\"49\"><span style=\"font-family: Arial;\"><b>08.07.<\/b><\/span><\/td>\n<td><span style=\"font-family: Arial;\">Pfarrfester\u00f6ffnung in St. Remigius in Viersen: \u00bbUnser Leben sei ein Fest\u00ab.<\/span><\/td>\n<\/tr>\n<tr>\n<td width=\"49\"><b><span style=\"font-family: Arial;\">14.10.<\/span><\/b><\/td>\n<td><span style=\"font-family: Arial;\">Jugendmesse in St. Remigius in Viersen.<\/span><\/td>\n<\/tr>\n<tr>\n<td width=\"49\"><span style=\"font-family: Arial;\"><b>12.11.<\/b><\/span><\/td>\n<td><span style=\"font-family: Arial;\">Jugendmesse in St. Remigius in Viersen: \u00bbWoher komme ich &#8211;<br \/>\nwohin gehe ich?\u00ab.<\/span><\/td>\n<\/tr>\n<tr>\n<td width=\"49\"><span style=\"font-family: Arial;\"><b>19.11.<\/b><\/span><\/td>\n<td><span style=\"font-family: Arial;\">Jugendmesse in St. Remigius in Viersen: \u00bbF\u00fcrbitten?! &#8211; Erledigt!\u00ab<\/span><\/td>\n<\/tr>\n<tr>\n<td width=\"49\"><span style=\"font-family: Arial;\"><b>26.12.<\/b><\/span><\/td>\n<td><span style=\"font-family: Arial;\">Weihnachtsjugendmesse in St. Remigius in Viersen:<br \/>\n\u00bbWozu sollte Gott Mensch werden\u00ab.<\/span><\/td>\n<\/tr>\n<\/tbody>\n<\/table>\n<table id=\"table15\" border=\"1\" width=\"100%\">\n<tbody>\n<tr>\n<td width=\"100%\">\n<h2 align=\"center\"><span style=\"font-family: Arial;\"><b>1994<\/b><\/span><\/h2>\n<\/td>\n<\/tr>\n<\/tbody>\n<\/table>\n<table id=\"table29\" border=\"1\" width=\"100%\">\n<tbody>\n<tr>\n<td><span style=\"font-family: Arial;\"><b>27.02.<\/b><\/span><\/td>\n<td><span style=\"font-family: Arial;\">Jugendmesse in St. Remigius in Viersen: \u00bbExklusiv &#8211; der hei\u00dfe Stuhl\u00ab<\/span><span style=\"font-family: Arial;\"><a href=\"http:\/\/people.freenet.de\/theobolle\/jugendmesse%20am%2027.02.1994.pdf\">.<\/a><\/span><\/td>\n<\/tr>\n<tr>\n<td><b><span style=\"font-family: Arial;\">04.04.<\/span><\/b><\/td>\n<td><span style=\"font-family: Arial;\">Osterjugendmesse in St. Remigius in Viersen: \u00bbDer Vor\u00fcbergang des Herrn\u00ab.<\/span><\/td>\n<\/tr>\n<tr>\n<td><span style=\"font-family: Arial;\"><b>12.06.<\/b><\/span><\/td>\n<td><span style=\"font-family: Arial;\">Pfarrfester\u00f6ffnung in St. Remigius in Viersen.<\/span><\/td>\n<\/tr>\n<tr>\n<td><span style=\"font-family: Arial;\"><b>13.11.<\/b><\/span><\/td>\n<td><span style=\"font-family: Arial;\">Jugendmesse in St. Remigius in Viersen.<\/span><\/td>\n<\/tr>\n<tr>\n<td><span style=\"font-family: Arial;\"><b>26.12.<\/b><\/span><\/td>\n<td><span style=\"font-family: Arial;\">Weihnachtsjugendmesse in St. Remigius in Viersen: \u00bbHappy Birthday dear Jesus\u00ab.<\/span><\/td>\n<\/tr>\n<\/tbody>\n<\/table>\n<table id=\"table16\" border=\"1\" width=\"100%\">\n<tbody>\n<tr>\n<td width=\"100%\">\n<h2 align=\"center\"><span style=\"font-family: Arial;\"><b>1993<\/b><\/span><\/h2>\n<\/td>\n<\/tr>\n<\/tbody>\n<\/table>\n<table id=\"table28\" border=\"1\" width=\"100%\">\n<tbody>\n<tr>\n<td><span style=\"font-family: Arial;\"><b>28.02.<\/b><\/span><\/td>\n<td><span style=\"font-family: Arial;\">Jugendmesse in Viersen: \u00bbKeine Macht der Kirche &#8211; Kirche machen wir\u00ab.<\/span><\/td>\n<\/tr>\n<tr>\n<td><span style=\"font-family: Arial;\"><b>12.04.<\/b><\/span><\/td>\n<td><span style=\"font-family: Arial;\">Osterjugendmesse in Viersen : \u00bbAufbruch\u00ab<\/span><\/td>\n<\/tr>\n<tr>\n<td><span style=\"font-family: Arial;\"><b>26.06.<\/b><\/span><\/td>\n<td><span style=\"font-family: Arial;\">Er\u00f6ffnungsgottesdienst des Pfarrfestes an St. Remigius in Viersen:<br \/>\n\u00bbAugen zu und durch?\u00ab<\/span><\/td>\n<\/tr>\n<tr>\n<td><span style=\"font-family: Arial;\"><b>26.12.<\/b> <\/span><\/td>\n<td><span style=\"font-family: Arial;\">Weihnachtsjugendmesse in Viersen: \u00bbWeihnachten. In der Hauptrolle: ?\u00ab.<\/span><\/td>\n<\/tr>\n<\/tbody>\n<\/table>\n<table id=\"table17\" border=\"1\" width=\"100%\">\n<tbody>\n<tr>\n<td width=\"100%\">\n<h2 align=\"center\"><span style=\"font-family: Arial;\"><b>1992<\/b><\/span><\/h2>\n<\/td>\n<\/tr>\n<\/tbody>\n<\/table>\n<table id=\"table27\" border=\"1\" width=\"100%\">\n<tbody>\n<tr>\n<td width=\"48\"><span style=\"font-family: Arial;\"><b>15.03.<\/b><\/span><\/td>\n<td><span style=\"font-family: Arial;\">Jugendmesse in St. Remigius, Viersen: \u00bbSchon geh\u00f6rt?\u00ab.<\/span><\/td>\n<\/tr>\n<tr>\n<td width=\"48\" height=\"24\"><b><span style=\"font-family: Arial;\">20.04.<\/span><\/b><\/td>\n<td height=\"24\"><span style=\"font-family: Arial;\">Osterjugendmesse in Viersen: \u00bbKirche &#8211; eben anders\u00ab.<\/span><\/td>\n<\/tr>\n<tr>\n<td width=\"48\"><b><span style=\"font-family: Arial;\">27.06.<\/span><\/b><\/td>\n<td><span style=\"font-family: Arial;\">Jugendmesse in St. Remigius: \u00bbLiebe, und tu&#8216; was du willst&#8230;\u00ab<\/span><\/td>\n<\/tr>\n<tr>\n<td width=\"48\"><span style=\"font-family: Arial;\"><b>11.10.<\/b><\/span><\/td>\n<td><span style=\"font-family: Arial;\">Jugendmesse in Viersen: \u00bbBibel &#8211; Bestseller oder Altpapier?\u00ab.<\/span><\/td>\n<\/tr>\n<tr>\n<td width=\"48\"><span style=\"font-family: Arial;\"><b>26.12.<\/b><\/span><\/td>\n<td><span style=\"font-family: Arial;\">\u00a0Weihnachtsjugendmesse in St. Remigius, Viersen.<\/span><\/td>\n<\/tr>\n<\/tbody>\n<\/table>\n<table id=\"table18\" border=\"1\" width=\"100%\">\n<tbody>\n<tr>\n<td width=\"100%\">\n<h2 align=\"center\"><span style=\"font-family: Arial;\"><b>1991<\/b><\/span><\/h2>\n<\/td>\n<\/tr>\n<\/tbody>\n<\/table>\n<table id=\"table26\" border=\"1\" width=\"100%\">\n<tbody>\n<tr>\n<td><span style=\"font-family: Arial;\"><b>17.02.<\/b><\/span><\/td>\n<td><span style=\"font-family: Arial;\">Jugendmesse in Viersen: \u00bb40 Tage Durststrecke\u00ab. <\/span><\/td>\n<\/tr>\n<tr>\n<td><span style=\"font-family: Arial;\"><b>17.03.<\/b><\/span><\/td>\n<td><span style=\"font-family: Arial;\">Jugendmesse in Viersen.<\/span><\/td>\n<\/tr>\n<tr>\n<td><b><span style=\"font-family: Arial;\">01.04.<\/span><\/b><\/td>\n<td><span style=\"font-family: Arial;\">Osterjugendmesse in Viersen: \u00bbUnd sie erkannten ihn\u00ab.<\/span><\/td>\n<\/tr>\n<tr>\n<td><b><span style=\"font-family: Arial;\">06.07.<\/span><\/b><\/td>\n<td><span style=\"font-family: Arial;\">Jugendmesse in Viersen. <\/span><\/td>\n<\/tr>\n<tr>\n<td><b><span style=\"font-family: Arial;\">14.07.<\/span><\/b><\/td>\n<td><span style=\"font-family: Arial;\">Jugendmesse in Viersen: \u00bbSie haben es sich verdient ? Ferien ohne Gott!\u00ab. <\/span><\/td>\n<\/tr>\n<tr>\n<td><span style=\"font-family: Arial;\"><b>29.09.<\/b><\/span><\/td>\n<td><span style=\"font-family: Arial;\">Jugendmesse in Viersen: \u00bbJesulein ? Jesu-light &#8211; Christsein heute\u00ab. (Fragment)<\/span><\/td>\n<\/tr>\n<tr>\n<td><b><span style=\"font-family: Arial;\">10.11.<\/span><\/b><\/td>\n<td><span style=\"font-family: Arial;\">Jugendmesse in Viersen: \u00bbHeiliger Strohsack! &#8230; was ist dran an unseren Heiligen?\u00ab. <\/span><\/td>\n<\/tr>\n<tr>\n<td><span style=\"font-family: Arial;\"><b>26.12.<\/b><\/span><\/td>\n<td><span style=\"font-family: Arial;\">Jugendmesse in Viersen: \u00bbAu Backe\u00ab.<\/span><\/td>\n<\/tr>\n<\/tbody>\n<\/table>\n<table border=\"1\" width=\"100%\">\n<tbody>\n<tr>\n<td width=\"100%\">\n<h2 align=\"center\"><span style=\"font-family: Arial;\"><b>1990<\/b><\/span><\/h2>\n<\/td>\n<\/tr>\n<\/tbody>\n<\/table>\n<table id=\"table25\" border=\"1\" width=\"100%\">\n<tbody>\n<tr>\n<td><span style=\"font-family: Arial;\"><b>17.02.<\/b><\/span><\/td>\n<td><span style=\"font-family: Arial;\">Jugendmesse in Viersen: \u00bbFrieden braucht Bewegung\u00ab.<\/span><\/td>\n<\/tr>\n<tr>\n<td><b><span style=\"font-family: Arial;\">10.06.\u00a0<\/span><\/b><\/td>\n<td><span style=\"font-family: Arial;\">Jugendmesse in Viersen: \u00bbFARBE BEKENNEN &#8211; Mut zum Glauben.\u00ab +\u00a0Messdienereinf\u00fchrung.<\/span><\/td>\n<\/tr>\n<tr>\n<td><span style=\"font-family: Arial;\"><b>08.09.<\/b><\/span><\/td>\n<td><span style=\"font-family: Arial; font-size: medium;\">Jugendmesse in Viersen:.\u00bbWir machen unsere Kirche jung\u00ab (pdf.)<\/span><\/td>\n<\/tr>\n<tr>\n<td><span style=\"font-family: Arial; font-size: medium;\"><b>04.11.<\/b><\/span><\/td>\n<td><span style=\"font-family: Arial;\"><span style=\"font-size: medium;\">Jugendmesse in Viersen: <\/span>\u00bbTOD?\u00ab.<\/span><\/td>\n<\/tr>\n<tr>\n<td><span style=\"font-family: Arial; font-size: medium;\"><b>15.12.<\/b><\/span><\/td>\n<td><span style=\"font-family: Arial;\"><span style=\"font-size: medium;\">Jugendmesse in Viersen: \u00bbFreut Euch zu jeder Zeit!\u00ab.<\/span> <\/span><\/td>\n<\/tr>\n<\/tbody>\n<\/table>\n<p>&nbsp;<\/p>\n","protected":false},"excerpt":{"rendered":"<p>Dieses Archiv ist eine Sammlung alter Jugendmesskreis-Vorlagen aus den Jahren 1990 bis 2007. Der Jugendmesskreis entstand 1990 unter der Leitung unserer damaligen Gemeindereferentin Sr. Reinhildis Gehring. 2002 gab es einen Generationswechsel. Leider sind nicht alle Vorlagen von damals vollst\u00e4ndig. Wir &hellip; <a href=\"https:\/\/michael-bollesen.de\/?page_id=29\">Weiterlesen <span class=\"meta-nav\">&rarr;<\/span><\/a><\/p>\n","protected":false},"author":1,"featured_media":0,"parent":0,"menu_order":4,"comment_status":"open","ping_status":"open","template":"","meta":{"footnotes":""},"class_list":["post-29","page","type-page","status-publish","hentry"],"_links":{"self":[{"href":"https:\/\/michael-bollesen.de\/index.php?rest_route=\/wp\/v2\/pages\/29","targetHints":{"allow":["GET"]}}],"collection":[{"href":"https:\/\/michael-bollesen.de\/index.php?rest_route=\/wp\/v2\/pages"}],"about":[{"href":"https:\/\/michael-bollesen.de\/index.php?rest_route=\/wp\/v2\/types\/page"}],"author":[{"embeddable":true,"href":"https:\/\/michael-bollesen.de\/index.php?rest_route=\/wp\/v2\/users\/1"}],"replies":[{"embeddable":true,"href":"https:\/\/michael-bollesen.de\/index.php?rest_route=%2Fwp%2Fv2%2Fcomments&post=29"}],"version-history":[{"count":0,"href":"https:\/\/michael-bollesen.de\/index.php?rest_route=\/wp\/v2\/pages\/29\/revisions"}],"wp:attachment":[{"href":"https:\/\/michael-bollesen.de\/index.php?rest_route=%2Fwp%2Fv2%2Fmedia&parent=29"}],"curies":[{"name":"wp","href":"https:\/\/api.w.org\/{rel}","templated":true}]}}